{"id":922,"date":"2023-04-05T14:14:56","date_gmt":"2023-04-05T14:14:56","guid":{"rendered":"https:\/\/proivt.com\/?page_id=12"},"modified":"2024-09-26T16:50:38","modified_gmt":"2024-09-26T21:50:38","slug":"nosotros","status":"publish","type":"page","link":"https:\/\/proivt.com\/index.php\/nosotros\/","title":{"rendered":"Nosotros"},"content":{"rendered":"\t\t<div data-elementor-type=\"wp-page\" data-elementor-id=\"922\" class=\"elementor elementor-922\" data-elementor-post-type=\"page\">\n\t\t\t\t\t\t<section class=\"elementor-section elementor-top-section elementor-element elementor-element-8a3e7bf elementor-section-stretched elementor-section-boxed elementor-section-height-default elementor-section-height-default\" data-id=\"8a3e7bf\" data-element_type=\"section\" data-settings=\"{&quot;stretch_section&quot;:&quot;section-stretched&quot;,&quot;background_background&quot;:&quot;classic&quot;}\">\n\t\t\t\t\t\t\t<div class=\"elementor-background-overlay\"><\/div>\n\t\t\t\t\t\t\t<div class=\"elementor-container elementor-column-gap-wider\">\n\t\t\t\t\t<div class=\"elementor-column elementor-col-100 elementor-top-column elementor-element elementor-element-4be7916\" data-id=\"4be7916\" data-element_type=\"column\">\n\t\t\t<div class=\"elementor-widget-wrap elementor-element-populated\">\n\t\t\t\t\t\t<section class=\"elementor-section elementor-inner-section elementor-element elementor-element-391cced elementor-section-boxed elementor-section-height-default elementor-section-height-default\" data-id=\"391cced\" data-element_type=\"section\">\n\t\t\t\t\t\t<div class=\"elementor-container elementor-column-gap-default\">\n\t\t\t\t\t<div class=\"elementor-column elementor-col-100 elementor-inner-column elementor-element elementor-element-4a61edc\" data-id=\"4a61edc\" data-element_type=\"column\">\n\t\t\t<div class=\"elementor-widget-wrap elementor-element-populated\">\n\t\t\t\t\t\t<div class=\"elementor-element elementor-element-d0d4171 elementor-invisible elementor-widget elementor-widget-heading\" data-id=\"d0d4171\" data-element_type=\"widget\" data-settings=\"{&quot;_animation&quot;:&quot;fadeInDown&quot;}\" data-widget_type=\"heading.default\">\n\t\t\t\t<div class=\"elementor-widget-container\">\n\t\t\t<style>\/*! elementor - v3.23.0 - 25-07-2024 *\/\n.elementor-heading-title{padding:0;margin:0;line-height:1}.elementor-widget-heading .elementor-heading-title[class*=elementor-size-]>a{color:inherit;font-size:inherit;line-height:inherit}.elementor-widget-heading .elementor-heading-title.elementor-size-small{font-size:15px}.elementor-widget-heading .elementor-heading-title.elementor-size-medium{font-size:19px}.elementor-widget-heading .elementor-heading-title.elementor-size-large{font-size:29px}.elementor-widget-heading .elementor-heading-title.elementor-size-xl{font-size:39px}.elementor-widget-heading .elementor-heading-title.elementor-size-xxl{font-size:59px}<\/style><h1 class=\"elementor-heading-title elementor-size-default\">\u00bfQui\u00e9nes  Somos?\n<\/h1>\t\t<\/div>\n\t\t\t\t<\/div>\n\t\t\t\t<div class=\"elementor-element elementor-element-f88d038 elementor-invisible elementor-widget elementor-widget-image\" data-id=\"f88d038\" data-element_type=\"widget\" data-settings=\"{&quot;_animation&quot;:&quot;fadeInLeft&quot;}\" data-widget_type=\"image.default\">\n\t\t\t\t<div class=\"elementor-widget-container\">\n\t\t\t<style>\/*! elementor - v3.23.0 - 25-07-2024 *\/\n.elementor-widget-image{text-align:center}.elementor-widget-image a{display:inline-block}.elementor-widget-image a img[src$=\".svg\"]{width:48px}.elementor-widget-image img{vertical-align:middle;display:inline-block}<\/style>\t\t\t\t\t\t\t\t\t\t<img decoding=\"async\" src=\"https:\/\/proivt.com\/wp-content\/uploads\/2023\/05\/ai2-sep1.svg\" title=\"\" alt=\"\" loading=\"lazy\" \/>\t\t\t\t\t\t\t\t\t\t\t\t\t<\/div>\n\t\t\t\t<\/div>\n\t\t\t\t<div class=\"elementor-element elementor-element-7563ad3 elementor-invisible elementor-widget elementor-widget-text-editor\" data-id=\"7563ad3\" data-element_type=\"widget\" data-settings=\"{&quot;_animation&quot;:&quot;fadeInLeft&quot;}\" data-widget_type=\"text-editor.default\">\n\t\t\t\t<div class=\"elementor-widget-container\">\n\t\t\t<style>\/*! elementor - v3.23.0 - 25-07-2024 *\/\n.elementor-widget-text-editor.elementor-drop-cap-view-stacked .elementor-drop-cap{background-color:#69727d;color:#fff}.elementor-widget-text-editor.elementor-drop-cap-view-framed .elementor-drop-cap{color:#69727d;border:3px solid;background-color:transparent}.elementor-widget-text-editor:not(.elementor-drop-cap-view-default) .elementor-drop-cap{margin-top:8px}.elementor-widget-text-editor:not(.elementor-drop-cap-view-default) .elementor-drop-cap-letter{width:1em;height:1em}.elementor-widget-text-editor .elementor-drop-cap{float:left;text-align:center;line-height:1;font-size:50px}.elementor-widget-text-editor .elementor-drop-cap-letter{display:inline-block}<\/style>\t\t\t\t<p><strong>Somos un multifamily office para deportistas de alto rendimiento,<\/strong> que busca acompa\u00f1arlos en la estructuraci\u00f3n y gesti\u00f3n de su patrimonio, con miras a construir cimientos financieros s\u00f3lidos para su futuro.\u00a0<\/p>\t\t\t\t\t\t<\/div>\n\t\t\t\t<\/div>\n\t\t\t\t\t<\/div>\n\t\t<\/div>\n\t\t\t\t\t<\/div>\n\t\t<\/section>\n\t\t\t\t\t<\/div>\n\t\t<\/div>\n\t\t\t\t\t<\/div>\n\t\t<\/section>\n\t\t\t\t<section class=\"elementor-section elementor-top-section elementor-element elementor-element-e37d765 elementor-section-stretched elementor-section-height-min-height elementor-section-boxed elementor-section-height-default elementor-section-items-middle\" data-id=\"e37d765\" data-element_type=\"section\" data-settings=\"{&quot;stretch_section&quot;:&quot;section-stretched&quot;,&quot;background_background&quot;:&quot;classic&quot;}\">\n\t\t\t\t\t\t\t<div class=\"elementor-background-overlay\"><\/div>\n\t\t\t\t\t\t\t<div class=\"elementor-container elementor-column-gap-wider\">\n\t\t\t\t\t<div class=\"elementor-column elementor-col-100 elementor-top-column elementor-element elementor-element-c047d54\" data-id=\"c047d54\" data-element_type=\"column\">\n\t\t\t<div class=\"elementor-widget-wrap elementor-element-populated\">\n\t\t\t\t\t\t<section class=\"elementor-section elementor-inner-section elementor-element elementor-element-b0587f2 elementor-section-boxed elementor-section-height-default elementor-section-height-default\" data-id=\"b0587f2\" data-element_type=\"section\">\n\t\t\t\t\t\t<div class=\"elementor-container elementor-column-gap-default\">\n\t\t\t\t\t<div class=\"elementor-column elementor-col-100 elementor-inner-column elementor-element elementor-element-9cf78bd\" data-id=\"9cf78bd\" data-element_type=\"column\">\n\t\t\t<div class=\"elementor-widget-wrap elementor-element-populated\">\n\t\t\t\t\t\t<div class=\"elementor-element elementor-element-28f7640 elementor-invisible elementor-widget elementor-widget-heading\" data-id=\"28f7640\" data-element_type=\"widget\" data-settings=\"{&quot;_animation&quot;:&quot;fadeInDown&quot;}\" data-widget_type=\"heading.default\">\n\t\t\t\t<div class=\"elementor-widget-container\">\n\t\t\t<h6 class=\"elementor-heading-title elementor-size-default\">Nuestra  Misi\u00f3n\n<\/h6>\t\t<\/div>\n\t\t\t\t<\/div>\n\t\t\t\t<div class=\"elementor-element elementor-element-f744708 elementor-invisible elementor-widget elementor-widget-image\" data-id=\"f744708\" data-element_type=\"widget\" data-settings=\"{&quot;_animation&quot;:&quot;fadeInLeft&quot;}\" data-widget_type=\"image.default\">\n\t\t\t\t<div class=\"elementor-widget-container\">\n\t\t\t\t\t\t\t\t\t\t\t\t\t<img decoding=\"async\" src=\"https:\/\/proivt.com\/wp-content\/uploads\/2023\/05\/ai2-sep1.svg\" title=\"\" alt=\"\" loading=\"lazy\" \/>\t\t\t\t\t\t\t\t\t\t\t\t\t<\/div>\n\t\t\t\t<\/div>\n\t\t\t\t<div class=\"elementor-element elementor-element-c507ec3 elementor-invisible elementor-widget elementor-widget-text-editor\" data-id=\"c507ec3\" data-element_type=\"widget\" data-settings=\"{&quot;_animation&quot;:&quot;fadeInLeft&quot;}\" data-widget_type=\"text-editor.default\">\n\t\t\t\t<div class=\"elementor-widget-container\">\n\t\t\t\t\t\t\t<p><strong>Construir<\/strong> s\u00f3lidos cimientos de confianza con el objetivo de elevar el cuidado patrimonial de nuestros clientes y propiciar un impacto significativo que trascienda su carrera profesional.\u00a0<\/p>\t\t\t\t\t\t<\/div>\n\t\t\t\t<\/div>\n\t\t\t\t\t<\/div>\n\t\t<\/div>\n\t\t\t\t\t<\/div>\n\t\t<\/section>\n\t\t\t\t\t<\/div>\n\t\t<\/div>\n\t\t\t\t\t<\/div>\n\t\t<\/section>\n\t\t\t\t<section class=\"elementor-section elementor-top-section elementor-element elementor-element-b19f5bd elementor-section-stretched elementor-section-full_width elementor-section-height-default elementor-section-height-default\" data-id=\"b19f5bd\" data-element_type=\"section\" data-settings=\"{&quot;stretch_section&quot;:&quot;section-stretched&quot;,&quot;background_background&quot;:&quot;classic&quot;}\">\n\t\t\t\t\t\t\t<div class=\"elementor-background-overlay\"><\/div>\n\t\t\t\t\t\t\t<div class=\"elementor-container elementor-column-gap-wider\">\n\t\t\t\t\t<div class=\"elementor-column elementor-col-100 elementor-top-column elementor-element elementor-element-3682d4c\" data-id=\"3682d4c\" data-element_type=\"column\">\n\t\t\t<div class=\"elementor-widget-wrap elementor-element-populated\">\n\t\t\t\t\t\t<div class=\"elementor-element elementor-element-df6c53b elementor-widget-tablet__width-initial elementor-invisible elementor-widget elementor-widget-heading\" data-id=\"df6c53b\" data-element_type=\"widget\" data-settings=\"{&quot;_animation&quot;:&quot;fadeInDown&quot;}\" data-widget_type=\"heading.default\">\n\t\t\t\t<div class=\"elementor-widget-container\">\n\t\t\t<h2 class=\"elementor-heading-title elementor-size-default\">Equipo ejecutivo<\/h2>\t\t<\/div>\n\t\t\t\t<\/div>\n\t\t<div class=\"elementor-element elementor-element-895f843 e-grid e-con-full e-con e-parent\" data-id=\"895f843\" data-element_type=\"container\">\n\t\t\t\t<div class=\"elementor-element elementor-element-80c53c4 elementor-widget elementor-widget-heading\" data-id=\"80c53c4\" data-element_type=\"widget\" data-widget_type=\"heading.default\">\n\t\t\t\t<div class=\"elementor-widget-container\">\n\t\t\t<h2 class=\"elementor-heading-title elementor-size-default\">SERGIO \/ CFO\u200b<\/h2>\t\t<\/div>\n\t\t\t\t<\/div>\n\t\t\t\t<div class=\"elementor-element elementor-element-edd69c8 elementor-invisible elementor-widget elementor-widget-image\" data-id=\"edd69c8\" data-element_type=\"widget\" data-settings=\"{&quot;_animation&quot;:&quot;fadeInRight&quot;}\" data-widget_type=\"image.default\">\n\t\t\t\t<div class=\"elementor-widget-container\">\n\t\t\t\t\t\t\t\t\t\t\t\t\t<img fetchpriority=\"high\" decoding=\"async\" width=\"1900\" height=\"1373\" src=\"https:\/\/proivt.com\/wp-content\/uploads\/2024\/09\/ceo-1-1.png\" class=\"attachment-full size-full wp-image-1258\" alt=\"\" srcset=\"https:\/\/proivt.com\/wp-content\/uploads\/2024\/09\/ceo-1-1.png 1900w, https:\/\/proivt.com\/wp-content\/uploads\/2024\/09\/ceo-1-1-500x361.png 500w, https:\/\/proivt.com\/wp-content\/uploads\/2024\/09\/ceo-1-1-1200x867.png 1200w, https:\/\/proivt.com\/wp-content\/uploads\/2024\/09\/ceo-1-1-300x217.png 300w, https:\/\/proivt.com\/wp-content\/uploads\/2024\/09\/ceo-1-1-768x555.png 768w, https:\/\/proivt.com\/wp-content\/uploads\/2024\/09\/ceo-1-1-1536x1110.png 1536w, https:\/\/proivt.com\/wp-content\/uploads\/2024\/09\/ceo-1-1-104x75.png 104w, https:\/\/proivt.com\/wp-content\/uploads\/2024\/09\/ceo-1-1-480x347.png 480w\" sizes=\"(max-width:767px) 480px, (max-width:1900px) 100vw, 1900px\" \/>\t\t\t\t\t\t\t\t\t\t\t\t\t<\/div>\n\t\t\t\t<\/div>\n\t\t\t\t<div class=\"elementor-element elementor-element-ed63b9c elementor-invisible elementor-widget elementor-widget-image\" data-id=\"ed63b9c\" data-element_type=\"widget\" data-settings=\"{&quot;_animation&quot;:&quot;fadeInLeft&quot;}\" data-widget_type=\"image.default\">\n\t\t\t\t<div class=\"elementor-widget-container\">\n\t\t\t\t\t\t\t\t\t\t\t\t\t<img decoding=\"async\" width=\"1900\" height=\"1373\" src=\"https:\/\/proivt.com\/wp-content\/uploads\/2024\/09\/ceo-2.png\" class=\"attachment-full size-full wp-image-1259\" alt=\"\" srcset=\"https:\/\/proivt.com\/wp-content\/uploads\/2024\/09\/ceo-2.png 1900w, https:\/\/proivt.com\/wp-content\/uploads\/2024\/09\/ceo-2-500x361.png 500w, https:\/\/proivt.com\/wp-content\/uploads\/2024\/09\/ceo-2-1200x867.png 1200w, https:\/\/proivt.com\/wp-content\/uploads\/2024\/09\/ceo-2-300x217.png 300w, https:\/\/proivt.com\/wp-content\/uploads\/2024\/09\/ceo-2-768x555.png 768w, https:\/\/proivt.com\/wp-content\/uploads\/2024\/09\/ceo-2-1536x1110.png 1536w, https:\/\/proivt.com\/wp-content\/uploads\/2024\/09\/ceo-2-104x75.png 104w, https:\/\/proivt.com\/wp-content\/uploads\/2024\/09\/ceo-2-480x347.png 480w\" sizes=\"(max-width:767px) 480px, (max-width:1900px) 100vw, 1900px\" \/>\t\t\t\t\t\t\t\t\t\t\t\t\t<\/div>\n\t\t\t\t<\/div>\n\t\t\t\t<div class=\"elementor-element elementor-element-0c4c138 elementor-widget elementor-widget-heading\" data-id=\"0c4c138\" data-element_type=\"widget\" data-widget_type=\"heading.default\">\n\t\t\t\t<div class=\"elementor-widget-container\">\n\t\t\t<h2 class=\"elementor-heading-title elementor-size-default\">TATIANA \/ GENERAL MANAGER<\/h2>\t\t<\/div>\n\t\t\t\t<\/div>\n\t\t\t\t<div class=\"elementor-element elementor-element-6d4d87d elementor-widget elementor-widget-heading\" data-id=\"6d4d87d\" data-element_type=\"widget\" data-widget_type=\"heading.default\">\n\t\t\t\t<div class=\"elementor-widget-container\">\n\t\t\t<h2 class=\"elementor-heading-title elementor-size-default\">CAREN \/ EXECUTIVE ASSISTANT\n<\/h2>\t\t<\/div>\n\t\t\t\t<\/div>\n\t\t\t\t<div class=\"elementor-element elementor-element-bdc131b elementor-invisible elementor-widget elementor-widget-image\" data-id=\"bdc131b\" data-element_type=\"widget\" data-settings=\"{&quot;_animation&quot;:&quot;fadeInRight&quot;}\" data-widget_type=\"image.default\">\n\t\t\t\t<div class=\"elementor-widget-container\">\n\t\t\t\t\t\t\t\t\t\t\t\t\t<img decoding=\"async\" width=\"1900\" height=\"1373\" src=\"https:\/\/proivt.com\/wp-content\/uploads\/2024\/09\/ceo-3.png\" class=\"attachment-full size-full wp-image-1260\" alt=\"\" srcset=\"https:\/\/proivt.com\/wp-content\/uploads\/2024\/09\/ceo-3.png 1900w, https:\/\/proivt.com\/wp-content\/uploads\/2024\/09\/ceo-3-500x361.png 500w, https:\/\/proivt.com\/wp-content\/uploads\/2024\/09\/ceo-3-1200x867.png 1200w, https:\/\/proivt.com\/wp-content\/uploads\/2024\/09\/ceo-3-300x217.png 300w, https:\/\/proivt.com\/wp-content\/uploads\/2024\/09\/ceo-3-768x555.png 768w, https:\/\/proivt.com\/wp-content\/uploads\/2024\/09\/ceo-3-1536x1110.png 1536w, https:\/\/proivt.com\/wp-content\/uploads\/2024\/09\/ceo-3-104x75.png 104w, https:\/\/proivt.com\/wp-content\/uploads\/2024\/09\/ceo-3-480x347.png 480w\" sizes=\"(max-width:767px) 480px, (max-width:1900px) 100vw, 1900px\" \/>\t\t\t\t\t\t\t\t\t\t\t\t\t<\/div>\n\t\t\t\t<\/div>\n\t\t\t\t<\/div>\n\t\t\t\t\t<\/div>\n\t\t<\/div>\n\t\t\t\t\t<\/div>\n\t\t<\/section>\n\t\t\t\t<\/div>\n\t\t","protected":false},"excerpt":{"rendered":"<p>\u00bfQui\u00e9nes Somos? Somos un multifamily office para deportistas de alto rendimiento, que busca acompa\u00f1arlos en la estructuraci\u00f3n y gesti\u00f3n de su patrimonio, con miras a construir<span class=\"excerpt-hellip\"> [\u2026]<\/span><\/p>\n","protected":false},"author":1,"featured_media":0,"parent":0,"menu_order":0,"comment_status":"open","ping_status":"closed","template":"","meta":[],"_links":{"self":[{"href":"https:\/\/proivt.com\/index.php\/wp-json\/wp\/v2\/pages\/922"}],"collection":[{"href":"https:\/\/proivt.com\/index.php\/wp-json\/wp\/v2\/pages"}],"about":[{"href":"https:\/\/proivt.com\/index.php\/wp-json\/wp\/v2\/types\/page"}],"author":[{"embeddable":true,"href":"https:\/\/proivt.com\/index.php\/wp-json\/wp\/v2\/users\/1"}],"replies":[{"embeddable":true,"href":"https:\/\/proivt.com\/index.php\/wp-json\/wp\/v2\/comments?post=922"}],"version-history":[{"count":58,"href":"https:\/\/proivt.com\/index.php\/wp-json\/wp\/v2\/pages\/922\/revisions"}],"predecessor-version":[{"id":1348,"href":"https:\/\/proivt.com\/index.php\/wp-json\/wp\/v2\/pages\/922\/revisions\/1348"}],"wp:attachment":[{"href":"https:\/\/proivt.com\/index.php\/wp-json\/wp\/v2\/media?parent=922"}],"curies":[{"name":"wp","href":"https:\/\/api.w.org\/{rel}","templated":true}]}}